{"id":171,"date":"2012-06-22T15:21:36","date_gmt":"2012-06-22T15:21:36","guid":{"rendered":"http:\/\/localhost\/the_practice\/?page_id=171"},"modified":"2022-06-19T22:30:08","modified_gmt":"2022-06-19T22:30:08","slug":"services","status":"publish","type":"page","link":"https:\/\/pereztemplado.es\/wp\/?page_id=171","title":{"rendered":"Servicios"},"content":{"rendered":"<div id='full_slider_1'  class='avia-fullwidth-slider main_color avia-shadow   avia-builder-el-0  el_before_av_textblock  avia-builder-el-first   container_wrap sidebar_right'  ><div  class='avia-slideshow av-l4lssyqj-82626a67a664aa7acb844f2084832d5e avia-slideshow-large av_slideshow_full avia-slide-slider av-slideshow-ui av-control-default av-slideshow-manual av-loop-once av-loop-manual-endless av-default-height-applied   avia-slideshow-1' data-slideshow-options=\"{&quot;animation&quot;:&quot;slide&quot;,&quot;autoplay&quot;:false,&quot;loop_autoplay&quot;:&quot;once&quot;,&quot;interval&quot;:5,&quot;loop_manual&quot;:&quot;manual-endless&quot;,&quot;autoplay_stopper&quot;:false,&quot;noNavigation&quot;:false,&quot;bg_slider&quot;:false,&quot;keep_padding&quot;:false,&quot;hoverpause&quot;:false,&quot;show_slide_delay&quot;:0}\"  itemprop=\"image\" itemscope=\"itemscope\" itemtype=\"https:\/\/schema.org\/ImageObject\" ><ul class='avia-slideshow-inner ' style='padding-bottom: 23.958333333333%;'><li  class='avia-slideshow-slide av-l4lssyqj-82626a67a664aa7acb844f2084832d5e__0  av-single-slide slide-1 slide-odd'><div data-rel='slideshow-1' class='avia-slide-wrap '   ><img class=\"wp-image-897 avia-img-lazy-loading-not-897\"  src=\"https:\/\/pereztemplado.es\/wp\/wp-content\/uploads\/2022\/06\/1slider-copy1.jpg\" width=\"576\" height=\"138\" title='1slider-copy1' alt=''  itemprop=\"thumbnailUrl\" srcset=\"https:\/\/pereztemplado.es\/wp\/wp-content\/uploads\/2022\/06\/1slider-copy1.jpg 576w, https:\/\/pereztemplado.es\/wp\/wp-content\/uploads\/2022\/06\/1slider-copy1-300x72.jpg 300w\" sizes=\"(max-width: 576px) 100vw, 576px\" \/><\/div><\/li><\/ul><\/div><\/div><div id='after_full_slider_1'  class='main_color av_default_container_wrap container_wrap sidebar_right'  ><div class='container av-section-cont-open' ><div class='template-page content  av-content-small alpha units'><div class='post-entry post-entry-type-page post-entry-171'><div class='entry-content-wrapper clearfix'>\n<section  class='av_textblock_section av-8jpaj-66b5d4bc1b4fef8bfe8b7c83ea2be64a'  itemscope=\"itemscope\" itemtype=\"https:\/\/schema.org\/CreativeWork\" ><div class='avia_textblock'  itemprop=\"text\" ><p><!--:es--><\/p>\n<h1>Derecho Penal Econ\u00f3mico<\/h1>\n<div class=\"entry\"><\/div>\n<p style=\"text-align: justify;\"><b>En P\u00e9rez-Templado solo concebimos el ejercicio profesional desde una atenci\u00f3n individualizada. D. Juli\u00e1n P\u00e9rez-Templado, fundador y director del Bufete, atiende personalmente cada caso desde su inicio, es decir, desde la primera toma de contacto con el cliente hasta su conclusi\u00f3n, entendiendo que, de otro modo, la actuaci\u00f3n del abogado se desnaturaliza.<\/b><\/p>\n<p style=\"text-align: justify;\"><strong>Es en la rama del Derecho Penal, y m\u00e1s concretamente, del Derecho Penal Econ\u00f3mico, donde el Bufete viene prestando servicios principalmente, en asuntos tales como:<\/strong><\/p>\n\n<style type=\"text\/css\" data-created_by=\"avia_inline_auto\" id=\"style-css-av-av_hr-af89a52d51412774536fa272e468f7cd\">\n#top .hr.hr-invisible.av-av_hr-af89a52d51412774536fa272e468f7cd{\nheight:30px;\n}\n<\/style>\n<div  class='hr av-av_hr-af89a52d51412774536fa272e468f7cd hr-invisible  avia-builder-el-2  el_before_av_hr  avia-builder-el-first '><span class='hr-inner '><span class=\"hr-inner-style\"><\/span><\/span><\/div>\n<blockquote>\n<p style=\"text-align: justify;\">ESTAFAS<\/p>\n<p style=\"text-align: justify;\">APROPIACI\u00d3N INDEBIDA<\/p>\n<p style=\"text-align: justify;\">INSOLVENCIAS PUNIBLES<\/p>\n<p style=\"text-align: justify;\">DELITOS SOCIETARIOS<\/p>\n<p style=\"text-align: justify;\">DELITOS CONTRA LA HACIENDA P\u00daBLICA<\/p>\n<p style=\"text-align: justify;\">FALSEDADES DOCUMENTALES<\/p>\n<p style=\"text-align: justify;\">DELITOS CONTRA LA ADMINISTRACI\u00d3N P\u00daBLICA: PREVARICACI\u00d3N, COHECHO Y OTROS<\/p>\n<p>DELITOS SOBRE LA ORDENACI\u00d3N DEL TERRITORIO<\/p>\n<p style=\"text-align: justify;\">DELITOS CONTRA LOS DERECHOS DE LOS TRABAJADORES, especialmente los relacionados con la SINIESTRALIDAD LABORAL<\/p>\n<\/blockquote>\n\n<style type=\"text\/css\" data-created_by=\"avia_inline_auto\" id=\"style-css-av-av_hr-3cdc9664f29087702913853352eac422\">\n#top .hr.hr-invisible.av-av_hr-3cdc9664f29087702913853352eac422{\nheight:10px;\n}\n<\/style>\n<div  class='hr av-av_hr-3cdc9664f29087702913853352eac422 hr-invisible  avia-builder-el-3  el_after_av_hr  avia-builder-el-last '><span class='hr-inner '><span class=\"hr-inner-style\"><\/span><\/span><\/div>\n<p><strong>Tambi\u00e9n tenemos una amplia experiencia en otro tipo de delitos como:<\/strong><\/p>\n<blockquote>\n<p>DELITOS CONTRA LA SEGURIDAD DEL TR\u00c1FICO Y LIGADOS A LA SINIESTRALIDAD VIAL<\/p>\n<p>DELITOS CONTRA LA LIBERTAD E INDEMNIDAD SEXUALES<\/p>\n<p>DELITOS DE LESIONES, AMENAZAS, COACCIONES Y OTROS<\/p>\n<\/blockquote>\n<p style=\"text-align: justify;\">\n<p style=\"text-align: justify;\">\n<\/div><\/section>\n","protected":false},"excerpt":{"rendered":"","protected":false},"author":2,"featured_media":0,"parent":0,"menu_order":0,"comment_status":"open","ping_status":"closed","template":"","meta":[],"_links":{"self":[{"href":"https:\/\/pereztemplado.es\/wp\/index.php?rest_route=\/wp\/v2\/pages\/171"}],"collection":[{"href":"https:\/\/pereztemplado.es\/wp\/index.php?rest_route=\/wp\/v2\/pages"}],"about":[{"href":"https:\/\/pereztemplado.es\/wp\/index.php?rest_route=\/wp\/v2\/types\/page"}],"author":[{"embeddable":true,"href":"https:\/\/pereztemplado.es\/wp\/index.php?rest_route=\/wp\/v2\/users\/2"}],"replies":[{"embeddable":true,"href":"https:\/\/pereztemplado.es\/wp\/index.php?rest_route=%2Fwp%2Fv2%2Fcomments&post=171"}],"version-history":[{"count":34,"href":"https:\/\/pereztemplado.es\/wp\/index.php?rest_route=\/wp\/v2\/pages\/171\/revisions"}],"predecessor-version":[{"id":932,"href":"https:\/\/pereztemplado.es\/wp\/index.php?rest_route=\/wp\/v2\/pages\/171\/revisions\/932"}],"wp:attachment":[{"href":"https:\/\/pereztemplado.es\/wp\/index.php?rest_route=%2Fwp%2Fv2%2Fmedia&parent=171"}],"curies":[{"name":"wp","href":"https:\/\/api.w.org\/{rel}","templated":true}]}}