{"id":184,"date":"2012-06-22T16:05:51","date_gmt":"2012-06-22T16:05:51","guid":{"rendered":"http:\/\/localhost\/the_practice\/?page_id=184"},"modified":"2022-06-20T09:23:14","modified_gmt":"2022-06-20T09:23:14","slug":"homepage","status":"publish","type":"page","link":"https:\/\/pereztemplado.es\/wp\/","title":{"rendered":"Inicio"},"content":{"rendered":"<div id='full_slider_1'  class='avia-fullwidth-slider main_color avia-shadow   avia-builder-el-0  el_before_av_textblock  avia-builder-el-first   container_wrap sidebar_right'  ><div  class='avia-slideshow av-l4luwvdv-88e3ba76eb7ec78648d2576963228502 avia-slideshow-large av_slideshow_full avia-slide-slider av-slideshow-ui av-control-default av-slideshow-manual av-loop-once av-loop-manual-endless av-default-height-applied   avia-slideshow-1' data-slideshow-options=\"{&quot;animation&quot;:&quot;slide&quot;,&quot;autoplay&quot;:false,&quot;loop_autoplay&quot;:&quot;once&quot;,&quot;interval&quot;:5,&quot;loop_manual&quot;:&quot;manual-endless&quot;,&quot;autoplay_stopper&quot;:false,&quot;noNavigation&quot;:false,&quot;bg_slider&quot;:false,&quot;keep_padding&quot;:false,&quot;hoverpause&quot;:false,&quot;show_slide_delay&quot;:0}\"  itemprop=\"image\" itemscope=\"itemscope\" itemtype=\"https:\/\/schema.org\/ImageObject\" ><ul class='avia-slideshow-inner ' style='padding-bottom: 34.942528735632%;'><li  class='avia-slideshow-slide av-l4luwvdv-88e3ba76eb7ec78648d2576963228502__0  slide-1 slide-odd'><a href=\"https:\/\/pereztemplado.es\/wp\/?page_id=717\"  data-rel='slideshow-1' class='avia-slide-wrap '   ><div class='av-slideshow-caption av-l4luwvdv-88e3ba76eb7ec78648d2576963228502__0 caption_fullwidth caption_right caption_right_framed caption_framed'><div class=\"container caption_container\"><div class=\"slideshow_caption\"><div class=\"slideshow_inner_caption\"><div class=\"slideshow_align_caption\"><h2 class='avia-caption-title '  itemprop=\"name\" >M\u00e1s de 40 a\u00f1os de experiencia en Derecho Penal<\/h2><div class='avia-caption-content '  itemprop=\"description\" ><p>M\u00c1S INFORMACI\u00d3N<\/p>\n<\/div><\/div><\/div><\/div><\/div><\/div><img class=\"wp-image-919 avia-img-lazy-loading-not-919\"  src=\"https:\/\/pereztemplado.es\/wp\/wp-content\/uploads\/2022\/06\/slider-01.png\" width=\"870\" height=\"304\" title='slider-01' alt=''  itemprop=\"thumbnailUrl\" srcset=\"https:\/\/pereztemplado.es\/wp\/wp-content\/uploads\/2022\/06\/slider-01.png 870w, https:\/\/pereztemplado.es\/wp\/wp-content\/uploads\/2022\/06\/slider-01-300x105.png 300w, https:\/\/pereztemplado.es\/wp\/wp-content\/uploads\/2022\/06\/slider-01-768x268.png 768w, https:\/\/pereztemplado.es\/wp\/wp-content\/uploads\/2022\/06\/slider-01-705x246.png 705w\" sizes=\"(max-width: 870px) 100vw, 870px\" \/><\/a><\/li><li  class='avia-slideshow-slide av-l4luwvdv-88e3ba76eb7ec78648d2576963228502__1  slide-2 slide-even'><a href=\"https:\/\/pereztemplado.es\/wp\/?page_id=717\"  data-rel='slideshow-1' class='avia-slide-wrap '   ><div class='av-slideshow-caption av-l4luwvdv-88e3ba76eb7ec78648d2576963228502__1 caption_fullwidth caption_left caption_left_framed caption_framed'><div class=\"container caption_container\"><div class=\"slideshow_caption\"><div class=\"slideshow_inner_caption\"><div class=\"slideshow_align_caption\"><h2 class='avia-caption-title '  itemprop=\"name\" >Resolvemos casos de gran repercusi\u00f3n.<\/h2><div class='avia-caption-content '  itemprop=\"description\" ><p>CONSULTE NUESTRA TRAYECTORIA<\/p>\n<\/div><\/div><\/div><\/div><\/div><\/div><img class=\"wp-image-918 avia-img-lazy-loading-not-918\"  src=\"https:\/\/pereztemplado.es\/wp\/wp-content\/uploads\/2022\/06\/slider-02.png\" width=\"870\" height=\"304\" title='slider-02' alt=''  itemprop=\"thumbnailUrl\" srcset=\"https:\/\/pereztemplado.es\/wp\/wp-content\/uploads\/2022\/06\/slider-02.png 870w, https:\/\/pereztemplado.es\/wp\/wp-content\/uploads\/2022\/06\/slider-02-300x105.png 300w, https:\/\/pereztemplado.es\/wp\/wp-content\/uploads\/2022\/06\/slider-02-768x268.png 768w, https:\/\/pereztemplado.es\/wp\/wp-content\/uploads\/2022\/06\/slider-02-705x246.png 705w\" sizes=\"(max-width: 870px) 100vw, 870px\" \/><\/a><\/li><li  class='avia-slideshow-slide av-l4luwvdv-88e3ba76eb7ec78648d2576963228502__2  slide-3 slide-odd'><a href=\"https:\/\/pereztemplado.es\/wp\/?page_id=171\"  data-rel='slideshow-1' class='avia-slide-wrap '   ><div class='av-slideshow-caption av-l4luwvdv-88e3ba76eb7ec78648d2576963228502__2 caption_fullwidth caption_right caption_right_framed caption_framed'><div class=\"container caption_container\"><div class=\"slideshow_caption\"><div class=\"slideshow_inner_caption\"><div class=\"slideshow_align_caption\"><h2 class='avia-caption-title '  itemprop=\"name\" >Especialistas en Derecho Penal Econ\u00f3mico.<\/h2><div class='avia-caption-content '  itemprop=\"description\" ><p>VEA TODOS NUESTROS SERVICIOS<\/p>\n<\/div><\/div><\/div><\/div><\/div><\/div><img class=\"wp-image-917 avia-img-lazy-loading-not-917\"  src=\"https:\/\/pereztemplado.es\/wp\/wp-content\/uploads\/2022\/06\/slider-03.jpg\" width=\"870\" height=\"304\" title='slider-03' alt=''  itemprop=\"thumbnailUrl\" srcset=\"https:\/\/pereztemplado.es\/wp\/wp-content\/uploads\/2022\/06\/slider-03.jpg 870w, https:\/\/pereztemplado.es\/wp\/wp-content\/uploads\/2022\/06\/slider-03-300x105.jpg 300w, https:\/\/pereztemplado.es\/wp\/wp-content\/uploads\/2022\/06\/slider-03-768x268.jpg 768w, https:\/\/pereztemplado.es\/wp\/wp-content\/uploads\/2022\/06\/slider-03-705x246.jpg 705w\" sizes=\"(max-width: 870px) 100vw, 870px\" \/><\/a><\/li><\/ul><div class='avia-slideshow-arrows avia-slideshow-controls' ><a href='#prev' class='prev-slide ' aria-hidden='true' data-av_icon='\ue87c' data-av_iconfont='entypo-fontello'  tabindex='-1'>Anterior<\/a><a href='#next' class='next-slide ' aria-hidden='true' data-av_icon='\ue87d' data-av_iconfont='entypo-fontello'  tabindex='-1'>Posterior<\/a><\/div><div class='avia-slideshow-dots avia-slideshow-controls'><a href='#1' class='goto-slide active' >1<\/a><a href='#2' class='goto-slide ' >2<\/a><a href='#3' class='goto-slide ' >3<\/a><\/div><\/div><\/div><div id='after_full_slider_1'  class='main_color av_default_container_wrap container_wrap sidebar_right'  ><div class='container av-section-cont-open' ><div class='template-page content  av-content-small alpha units'><div class='post-entry post-entry-type-page post-entry-184'><div class='entry-content-wrapper clearfix'>\n<section  class='av_textblock_section av-aclq0-8bb928f203b7fd75537f40abb39b790a'  itemscope=\"itemscope\" itemtype=\"https:\/\/schema.org\/CreativeWork\" ><div class='avia_textblock'  itemprop=\"text\" ><p><!--:es--><img loading=\"lazy\" class=\"alignright\" src=\"https:\/\/pereztemplado.es\/wp\/wp-content\/uploads\/2013\/09\/juzagdos.png\" alt=\"juzagdos\" width=\"188\" height=\"152\" \/>Nuestro Bufete esta especializado en Derecho Penal y m\u00e1s concretamente en asuntos de <strong>Derecho Penal Econ\u00f3mico.<\/strong><\/p>\n<p style=\"text-align: left;\">Contacte con nosotros y le daremos cita para una <strong>primera consulta<\/strong>.<\/p>\n<p style=\"text-align: left;\">Exponganos su caso y evaluaremos las alternativas y la idoneidad de nuestro Bufete para resolverlo.<\/p>\n<p style=\"text-align: left;\"><strong>D. Juli\u00e1n P\u00e9rez-Templado y Templado<\/strong> ha intervenido en algunos de los casos penales de mayor repercusi\u00f3n medi\u00e1tica y doctrinal de nuestro pa\u00ed\u00ads.<\/p>\n<\/div><\/section>\n","protected":false},"excerpt":{"rendered":"","protected":false},"author":2,"featured_media":0,"parent":0,"menu_order":0,"comment_status":"open","ping_status":"open","template":"","meta":[],"_links":{"self":[{"href":"https:\/\/pereztemplado.es\/wp\/index.php?rest_route=\/wp\/v2\/pages\/184"}],"collection":[{"href":"https:\/\/pereztemplado.es\/wp\/index.php?rest_route=\/wp\/v2\/pages"}],"about":[{"href":"https:\/\/pereztemplado.es\/wp\/index.php?rest_route=\/wp\/v2\/types\/page"}],"author":[{"embeddable":true,"href":"https:\/\/pereztemplado.es\/wp\/index.php?rest_route=\/wp\/v2\/users\/2"}],"replies":[{"embeddable":true,"href":"https:\/\/pereztemplado.es\/wp\/index.php?rest_route=%2Fwp%2Fv2%2Fcomments&post=184"}],"version-history":[{"count":51,"href":"https:\/\/pereztemplado.es\/wp\/index.php?rest_route=\/wp\/v2\/pages\/184\/revisions"}],"predecessor-version":[{"id":935,"href":"https:\/\/pereztemplado.es\/wp\/index.php?rest_route=\/wp\/v2\/pages\/184\/revisions\/935"}],"wp:attachment":[{"href":"https:\/\/pereztemplado.es\/wp\/index.php?rest_route=%2Fwp%2Fv2%2Fmedia&parent=184"}],"curies":[{"name":"wp","href":"https:\/\/api.w.org\/{rel}","templated":true}]}}