{"id":717,"date":"2013-09-01T18:02:34","date_gmt":"2013-09-01T18:02:34","guid":{"rendered":"http:\/\/pereztemplado.es\/wp\/?page_id=717"},"modified":"2022-06-19T21:39:25","modified_gmt":"2022-06-19T21:39:25","slug":"prueba","status":"publish","type":"page","link":"https:\/\/pereztemplado.es\/wp\/?page_id=717","title":{"rendered":"El Bufete"},"content":{"rendered":"<div id='full_slider_1'  class='avia-fullwidth-slider main_color avia-shadow   avia-builder-el-0  el_before_av_textblock  avia-builder-el-first   container_wrap sidebar_right'  ><div  class='avia-slideshow av-l4lt02f9-7ab8eea2effda0521b55f719bc392cb6 avia-slideshow-large av_slideshow_full avia-slide-slider av-slideshow-ui av-control-default av-slideshow-manual av-loop-once av-loop-manual-endless av-default-height-applied   avia-slideshow-1' data-slideshow-options=\"{&quot;animation&quot;:&quot;slide&quot;,&quot;autoplay&quot;:false,&quot;loop_autoplay&quot;:&quot;once&quot;,&quot;interval&quot;:5,&quot;loop_manual&quot;:&quot;manual-endless&quot;,&quot;autoplay_stopper&quot;:false,&quot;noNavigation&quot;:false,&quot;bg_slider&quot;:false,&quot;keep_padding&quot;:false,&quot;hoverpause&quot;:false,&quot;show_slide_delay&quot;:0}\"  itemprop=\"image\" itemscope=\"itemscope\" itemtype=\"https:\/\/schema.org\/ImageObject\" ><ul class='avia-slideshow-inner ' style='padding-bottom: 34.942528735632%;'><li  class='avia-slideshow-slide av-l4lt02f9-7ab8eea2effda0521b55f719bc392cb6__0  av-single-slide slide-1 slide-odd'><div data-rel='slideshow-1' class='avia-slide-wrap '   ><div class='av-slideshow-caption av-l4lt02f9-7ab8eea2effda0521b55f719bc392cb6__0 caption_fullwidth caption_right caption_right_framed caption_framed'><div class=\"container caption_container\"><div class=\"slideshow_caption\"><div class=\"slideshow_inner_caption\"><div class=\"slideshow_align_caption\"><h2 class='avia-caption-title '  itemprop=\"name\" >Fundado por D. Juli\u00e1n P\u00e9rez-Templado y Templado<\/h2><div class='avia-caption-content '  itemprop=\"description\" ><p>Una Trayectoria de m\u00e1s de 40 a\u00f1os<\/p>\n<\/div><\/div><\/div><\/div><\/div><\/div><img class=\"wp-image-902 avia-img-lazy-loading-not-902\"  src=\"https:\/\/pereztemplado.es\/wp\/wp-content\/uploads\/2022\/06\/1flex_slide_21.png\" width=\"870\" height=\"304\" title='1flex_slide_21' alt=''  itemprop=\"thumbnailUrl\" srcset=\"https:\/\/pereztemplado.es\/wp\/wp-content\/uploads\/2022\/06\/1flex_slide_21.png 870w, https:\/\/pereztemplado.es\/wp\/wp-content\/uploads\/2022\/06\/1flex_slide_21-300x105.png 300w, https:\/\/pereztemplado.es\/wp\/wp-content\/uploads\/2022\/06\/1flex_slide_21-768x268.png 768w, https:\/\/pereztemplado.es\/wp\/wp-content\/uploads\/2022\/06\/1flex_slide_21-705x246.png 705w\" sizes=\"(max-width: 870px) 100vw, 870px\" \/><\/div><\/li><\/ul><\/div><\/div><div id='after_full_slider_1'  class='main_color av_default_container_wrap container_wrap sidebar_right'  ><div class='container av-section-cont-open' ><div class='template-page content  av-content-small alpha units'><div class='post-entry post-entry-type-page post-entry-717'><div class='entry-content-wrapper clearfix'>\n<section  class='av_textblock_section av-uh05-49c928c2881fd3b70c50ce35f51924ab'  itemscope=\"itemscope\" itemtype=\"https:\/\/schema.org\/CreativeWork\" ><div class='avia_textblock'  itemprop=\"text\" ><p><!--:es--><\/p>\n<h1>D. Juli\u00e1n P\u00e9rez-Templado y Templado<\/h1>\n<div class=\"entry\">\n<\/div>\n<p style=\"text-align: justify;\">Fundado por D. Juli\u00e1n P\u00e9rez-Templado y Templado, el Bufete presta servicio en toda Espa\u00f1a.<\/p>\n<p style=\"text-align: justify;\">Juli\u00e1n P\u00e9rez-Templado y Templado se licenci\u00f3 en Derecho por la Universidad Aut\u00f3noma de Madrid en 1978 y colegiado desde 1982 en el ilustre Colegio de Abogados de Madrid.<\/p>\n<p style=\"text-align: justify;\">Viene ejerciendo la abogac\u00eda en la rama del Derecho Penal, con la especial dedicaci\u00f3n a los <strong>delitos de \u00edndole econ\u00f3mica<\/strong>, primero como Asociado en el Despacho del ilustre Abogado y Catedr\u00e1tico D. Gonzalo Rodr\u00edguez Morullo hasta el a\u00f1o 1999 y, desde entonces, de forma independiente, a trav\u00e9s de su propio bufete.<\/p>\n<h3 style=\"text-align: justify;\"><strong>Clientes<\/strong><\/h3>\n<p style=\"text-align: justify;\">D. Juli\u00e1n P\u00e9rez-Templado y Templado ha intervenido en algunos de los casos penales con mayor repercusi\u00f3n medi\u00e1tica y doctrinal de este pa\u00eds.<\/p>\n<p style=\"text-align: justify;\">Son, entre otros:<\/p>\n<p style=\"text-align: justify;\">Asunto <strong>FILESA<\/strong>: Defensa de Do\u00f1a. Aida \u00c1lvarez y D. Miguel Molledo.<\/p>\n<p style=\"text-align: justify;\">Asunto del presunto <strong>COBRO DE COMISIONES del AVE<\/strong>. Defensa de Do\u00f1a. Aida \u00c1lvarez.<\/p>\n<p style=\"text-align: justify;\">Asunto <strong>LUIS ROLD\u00c1N<\/strong>: Defensa de D. Jorge Esparza.<\/p>\n<p style=\"text-align: justify;\">Asunto <strong>FIDECAYA<\/strong>: Acusaci\u00f3n particular en nombre del Fondo de Garant\u00ed\u00ada de Dep\u00f3sitos contra los directivos de Fidecaya.<\/p>\n<p style=\"text-align: justify;\">Discoteca <strong>ALCAL\u00c1 20<\/strong>: Defensa del acusado del incendio de la Discoteca Alcal\u00e1 20.<\/p>\n<p style=\"text-align: justify;\">Defensa de <strong>D. MARIANO RUBIO<\/strong>, ex-Gobernador del Banco de Espa\u00f1a.<\/p>\n<p style=\"text-align: justify;\">Asunto <strong>ACEITE DE COLZA<\/strong>. Defensa de acusado en el sumario de altos cargos de la Administraci\u00c3\u00b3n relacionados con el Aceite de Colza adulterado.<\/p>\n<p style=\"text-align: justify;\">Defensa de diversas personas f\u00edsicas y jur\u00eddicas en el caso de las FACTURAS FALSAS del IVA.<\/p>\n<p style=\"text-align: justify;\"><strong>CAMPOFRIO<\/strong>: Direcci\u00f3n letrada de asuntos penales de la Mercantil Campofr\u00edo S.A.<\/p>\n<p style=\"text-align: justify;\"><strong>CENTRALES NUCLEARES ALMARAZ y TRILLO<\/strong>: Defensa letrada de asuntos penales.<\/p>\n<p style=\"text-align: justify;\"><strong>ASUNTOS OPERACI\u00d3N PUERTO y OPERACI\u00d3N GALGO<\/strong>: Defensa de D. Eufemiano Fuentes y otros acusados en la denominada Operaci\u00f3n Puerto.<\/p>\n<p style=\"text-align: justify;\">Asunto <strong>AFINSA y FORUM FILAT\u00c9LICO<\/strong>: Defensa de directivos de Afinsa y Forum Filat\u00e9lico y Arte y Naturaleza.<\/p>\n<p style=\"text-align: justify;\">Asunto <strong>OPERACI\u00d3N EMPERADOR<\/strong>, defensa de acusado.<\/p>\n<p><!--:--><\/p>\n<\/div><\/section>\n","protected":false},"excerpt":{"rendered":"","protected":false},"author":2,"featured_media":0,"parent":0,"menu_order":0,"comment_status":"open","ping_status":"closed","template":"","meta":[],"_links":{"self":[{"href":"https:\/\/pereztemplado.es\/wp\/index.php?rest_route=\/wp\/v2\/pages\/717"}],"collection":[{"href":"https:\/\/pereztemplado.es\/wp\/index.php?rest_route=\/wp\/v2\/pages"}],"about":[{"href":"https:\/\/pereztemplado.es\/wp\/index.php?rest_route=\/wp\/v2\/types\/page"}],"author":[{"embeddable":true,"href":"https:\/\/pereztemplado.es\/wp\/index.php?rest_route=\/wp\/v2\/users\/2"}],"replies":[{"embeddable":true,"href":"https:\/\/pereztemplado.es\/wp\/index.php?rest_route=%2Fwp%2Fv2%2Fcomments&post=717"}],"version-history":[{"count":23,"href":"https:\/\/pereztemplado.es\/wp\/index.php?rest_route=\/wp\/v2\/pages\/717\/revisions"}],"predecessor-version":[{"id":910,"href":"https:\/\/pereztemplado.es\/wp\/index.php?rest_route=\/wp\/v2\/pages\/717\/revisions\/910"}],"wp:attachment":[{"href":"https:\/\/pereztemplado.es\/wp\/index.php?rest_route=%2Fwp%2Fv2%2Fmedia&parent=717"}],"curies":[{"name":"wp","href":"https:\/\/api.w.org\/{rel}","templated":true}]}}