{"id":821,"date":"2018-10-22T12:21:11","date_gmt":"2018-10-22T12:21:11","guid":{"rendered":"http:\/\/pereztemplado.es\/wp\/?page_id=821"},"modified":"2022-06-19T22:27:58","modified_gmt":"2022-06-19T22:27:58","slug":"821-2","status":"publish","type":"page","link":"https:\/\/pereztemplado.es\/wp\/?page_id=821","title":{"rendered":"Cont\u00e1ctanos!"},"content":{"rendered":"<section  class='av_textblock_section av-l4ltknz2-c06327700bf446d7d61f4a9e8e8a7eca'  itemscope=\"itemscope\" itemtype=\"https:\/\/schema.org\/CreativeWork\" ><div class='avia_textblock'  itemprop=\"text\" ><h1>Cont\u00e1ctanos!<\/h1>\n<p><!--:es-->Si lo desea, puede contactarnos o exponernos un avance de su caso a trav\u00e9s de las siguientes formas de contacto:<\/p>\n<div class=\"name\"><strong>Bufete P\u00e9rez-Templado<\/strong><\/div>\n<div class=\"phone\"><em>Tel\u00e9fono:<\/em> (+34) 915 645 453<\/div>\n<div class=\"mail\"><em>Email:<\/em> <a href=\"mailto:julian@pereztemplado.es\">julian@pereztemplado.es<\/a><\/div>\n<div class=\"fax\"><em>Fax:<\/em> (+34) 915 645 453<\/div>\n<div>\n\n<style type=\"text\/css\" data-created_by=\"avia_inline_auto\" id=\"style-css-av-av_hr-3a876428eececa9d35452247ddb053af\">\n#top .hr.hr-invisible.av-av_hr-3a876428eececa9d35452247ddb053af{\nheight:50px;\n}\n<\/style>\n<div  class='hr av-av_hr-3a876428eececa9d35452247ddb053af hr-invisible  avia-builder-el-1  el_before_av_hr  avia-builder-el-first '><span class='hr-inner '><span class=\"hr-inner-style\"><\/span><\/span><\/div>\n<\/div>\n<div><\/div>\n<h3>Vis\u00edtenos bajo cita previa<\/h3>\n<p>Tambi\u00e9n si lo desea puede concertar una cita y exponer su caso personalmente en la Calle Maldonado, 43. 5\u00aa Planta. 28006 Madrid. Estaremos encantados de atenderle.<\/p>\n<p><strong class=\"title-arrow\">Nuestro Horario<\/strong><\/p>\n<p>El horario de atenci\u00f3n es por las ma\u00f1anas de Lunes a Viernes de 9:30h. a 14h. y por las tardes de Lunes a Jueves de 16:30h. a 19:30h..<\/p>\n<p><strong class=\"title-arrow\">Para llegar<\/strong><\/p>\n<p>Las paradas de metro m\u00e1s cercanas son Nu\u00f1ez de Balboa o Diego de Le\u00f3n.<\/p>\n<p><strong class=\"title-arrow\">\u00bfNecesita indicaciones?<\/strong><\/p>\n<p>Ll\u00e1menos al tel\u00e9fono 915 645 453. Le facilitaremos indicaciones espec\u00edficas para llegar al Bufete.<\/p>\n\n<style type=\"text\/css\" data-created_by=\"avia_inline_auto\" id=\"style-css-av-av_hr-3a876428eececa9d35452247ddb053af\">\n#top .hr.hr-invisible.av-av_hr-3a876428eececa9d35452247ddb053af{\nheight:50px;\n}\n<\/style>\n<div  class='hr av-av_hr-3a876428eececa9d35452247ddb053af hr-invisible  avia-builder-el-2  el_after_av_hr  avia-builder-el-last '><span class='hr-inner '><span class=\"hr-inner-style\"><\/span><\/span><\/div>\n<p><iframe loading=\"lazy\" style=\"border: 0;\" src=\"https:\/\/www.google.com\/maps\/embed?pb=!1m18!1m12!1m3!1d3036.867553824482!2d-3.6822856847226126!3d40.43393157936309!2m3!1f0!2f0!3f0!3m2!1i1024!2i768!4f13.1!3m3!1m2!1s0xd4228bf80554a79%3A0x3dc02e640befb779!2sBufete+P%C3%A9rez-Templado!5e0!3m2!1ses!2ses!4v1540210694606\" width=\"600\" height=\"450\" frameborder=\"0\" allowfullscreen=\"allowfullscreen\"><\/p>\n<p><\/iframe><\/p>\n<\/div><\/section>\n","protected":false},"excerpt":{"rendered":"","protected":false},"author":2,"featured_media":0,"parent":0,"menu_order":0,"comment_status":"closed","ping_status":"closed","template":"","meta":[],"_links":{"self":[{"href":"https:\/\/pereztemplado.es\/wp\/index.php?rest_route=\/wp\/v2\/pages\/821"}],"collection":[{"href":"https:\/\/pereztemplado.es\/wp\/index.php?rest_route=\/wp\/v2\/pages"}],"about":[{"href":"https:\/\/pereztemplado.es\/wp\/index.php?rest_route=\/wp\/v2\/types\/page"}],"author":[{"embeddable":true,"href":"https:\/\/pereztemplado.es\/wp\/index.php?rest_route=\/wp\/v2\/users\/2"}],"replies":[{"embeddable":true,"href":"https:\/\/pereztemplado.es\/wp\/index.php?rest_route=%2Fwp%2Fv2%2Fcomments&post=821"}],"version-history":[{"count":22,"href":"https:\/\/pereztemplado.es\/wp\/index.php?rest_route=\/wp\/v2\/pages\/821\/revisions"}],"predecessor-version":[{"id":931,"href":"https:\/\/pereztemplado.es\/wp\/index.php?rest_route=\/wp\/v2\/pages\/821\/revisions\/931"}],"wp:attachment":[{"href":"https:\/\/pereztemplado.es\/wp\/index.php?rest_route=%2Fwp%2Fv2%2Fmedia&parent=821"}],"curies":[{"name":"wp","href":"https:\/\/api.w.org\/{rel}","templated":true}]}}